{"id":1659,"date":"2021-10-27T02:10:31","date_gmt":"2021-10-27T00:10:31","guid":{"rendered":"http:\/\/malene.nu\/?page_id=1659"},"modified":"2025-11-06T11:50:23","modified_gmt":"2025-11-06T10:50:23","slug":"1659-2","status":"publish","type":"page","link":"https:\/\/malene.nu\/","title":{"rendered":""},"content":{"rendered":"<p>Velkommen til min stort set tomme hjemmeside.<\/p>\n<p>Jeg har faktisk fjernet n\u00e6sten alle sider, og jeg tvivler p\u00e5 at jeg nogensinde kommer til at opdatere en blog igen. Du kan pr\u00f8ve kontaktformularen, hvis der er behov for det, men jeg ved faktisk ikke om den stadig virker. Ellers finder du nok en anden l\u00f8sning. Jeg er ikke s\u00e5 sv\u00e6r at finde p\u00e5 sociale medier.<\/p>\n","protected":false},"excerpt":{"rendered":"<p>Velkommen til min stort set tomme hjemmeside. Jeg har faktisk fjernet n\u00e6sten alle sider, og jeg tvivler p\u00e5 at jeg nogensinde kommer til at opdatere en blog igen. Du kan pr\u00f8ve kontaktformularen, hvis der er behov for det, men jeg ved faktisk ikke om den stadig virker. Ellers finder du nok en anden l\u00f8sning. Jeg [&hellip;]<\/p>\n","protected":false},"author":1,"featured_media":0,"parent":0,"menu_order":0,"comment_status":"closed","ping_status":"closed","template":"","meta":{"jetpack_post_was_ever_published":false,"footnotes":""},"class_list":["post-1659","page","type-page","status-publish","hentry"],"jetpack_sharing_enabled":true,"jetpack-related-posts":[{"id":6,"url":"https:\/\/malene.nu\/?page_id=6","url_meta":{"origin":1659,"position":0},"title":"Malene","author":"Malene","date":"5. september 2013","format":false,"excerpt":"Jeg er en ung pige f\u00f8dt p\u00e5 Halloween, i 1987. Jeg k\u00f8bte dom\u00e6net Malene.nu i 2006 og det er drevet af WordPress.","rel":"","context":"Similar post","block_context":{"text":"Similar post","link":""},"img":{"alt_text":"","src":"https:\/\/i0.wp.com\/malene.nu\/wp-content\/uploads\/2013\/09\/4.png?fit=768%2C1024&ssl=1&resize=350%2C200","width":350,"height":200,"srcset":"https:\/\/i0.wp.com\/malene.nu\/wp-content\/uploads\/2013\/09\/4.png?fit=768%2C1024&ssl=1&resize=350%2C200 1x, https:\/\/i0.wp.com\/malene.nu\/wp-content\/uploads\/2013\/09\/4.png?fit=768%2C1024&ssl=1&resize=525%2C300 1.5x, https:\/\/i0.wp.com\/malene.nu\/wp-content\/uploads\/2013\/09\/4.png?fit=768%2C1024&ssl=1&resize=700%2C400 2x"},"classes":[]}],"_links":{"self":[{"href":"https:\/\/malene.nu\/index.php?rest_route=\/wp\/v2\/pages\/1659","targetHints":{"allow":["GET"]}}],"collection":[{"href":"https:\/\/malene.nu\/index.php?rest_route=\/wp\/v2\/pages"}],"about":[{"href":"https:\/\/malene.nu\/index.php?rest_route=\/wp\/v2\/types\/page"}],"author":[{"embeddable":true,"href":"https:\/\/malene.nu\/index.php?rest_route=\/wp\/v2\/users\/1"}],"replies":[{"embeddable":true,"href":"https:\/\/malene.nu\/index.php?rest_route=%2Fwp%2Fv2%2Fcomments&post=1659"}],"version-history":[{"count":3,"href":"https:\/\/malene.nu\/index.php?rest_route=\/wp\/v2\/pages\/1659\/revisions"}],"predecessor-version":[{"id":8907,"href":"https:\/\/malene.nu\/index.php?rest_route=\/wp\/v2\/pages\/1659\/revisions\/8907"}],"wp:attachment":[{"href":"https:\/\/malene.nu\/index.php?rest_route=%2Fwp%2Fv2%2Fmedia&parent=1659"}],"curies":[{"name":"wp","href":"https:\/\/api.w.org\/{rel}","templated":true}]}}